{"id":31944,"date":"2025-03-03T11:53:03","date_gmt":"2025-03-03T11:53:03","guid":{"rendered":"https:\/\/dmleads.premiumspace24.com\/?page_id=31944"},"modified":"2026-04-10T09:20:14","modified_gmt":"2026-04-10T09:20:14","slug":"socialine-atsakomybe","status":"publish","type":"page","link":"https:\/\/dmleads.premiumspace24.com\/index.php\/socialine-atsakomybe\/","title":{"rendered":"Socialin\u0117 atsakomyb\u0117"},"content":{"rendered":"<div class=\"wpb-content-wrapper\"><p>[vc_row full_width=&#8221;stretch_row_content&#8221;][vc_column][vc_separator css=&#8221;&#8221;][\/vc_column][\/vc_row][vc_row][vc_column][vc_column_text css=&#8221;.vc_custom_1775749542926{padding-right: 30px !important;padding-left: 30px !important;}&#8221;]<\/p>\n<p class=\"p1\" style=\"font-family: 'Work Sans', sans-serif; font-weight: 400; font-size: 18px; line-height: 1.65; letter-spacing: 0; color: #262129; margin-bottom: 20px;\">Esame socialiai atsakinga \u012fmon\u0117, tikinti, kad tikra s\u0117km\u0117 matuojama ne vien projektais, bet ir poveikiu aplinkai bei visuomenei. Reguliariai remiame \u012fvairias \u0161vietimo, sveikatos prie\u017ei\u016bros ir socialin\u0117s pagalbos \u012fstaigas bei paramos fondus.<\/p>\n<p class=\"p1\" style=\"font-family: 'Work Sans', sans-serif; font-weight: 400; font-size: 18px; line-height: 1.65; letter-spacing: 0; color: #262129; margin-bottom: 20px;\">Kiekvienas m\u016bs\u0173 \u012fgyvendintas projektas \u2013 tai ne tik erdv\u0117 verslui, bet ir galimyb\u0117 prisid\u0117ti prie didesn\u0117s gerov\u0117s.<\/p>\n<p class=\"p1\" style=\"font-family: 'Work Sans', sans-serif; font-weight: 400; font-size: 18px; line-height: 1.65; letter-spacing: 0; color: #262129; margin-bottom: 20px;\">2024 m. par\u0117m\u0117 nei\u0161ne\u0161iot\u0173 naujagimi\u0173 asociacij\u0105 \u201eNei\u0161ne\u0161iotukas\u201c, V\u0161\u012e \u201eVaik\u0173 linij\u0105\u201c, \u201eVaiko raidos klinik\u0105\u201c, Labdaros ir paramos fond\u0105 \u201eVilties spindul\u0117lis\u201c.<\/p>\n<p class=\"p1\" style=\"font-family: 'Work Sans', sans-serif; font-weight: 400; font-size: 18px; line-height: 1.65; letter-spacing: 0; color: #262129;\">Esam \u201eLietuvos Raudonojo Kry\u017eiaus Verslo klubo narys\u201c.<\/p>\n<p>[\/vc_column_text][\/vc_column][\/vc_row][vc_row][vc_column][vc_column_text css=&#8221;&#8221;]<\/p>\n<div class=\"dm-support-grid\">\n<div class=\"dm-support-row\">\n<div class=\"dm-support-logo\"><img decoding=\"async\" src=\"https:\/\/dmleads.premiumspace24.com\/wp-content\/uploads\/2026\/04\/klinika.png\" alt=\"Vaiko raidos klinika\" \/><\/div>\n<div class=\"dm-support-text\">Vaiko raidos klinika &#8211; ne pelno siekianti organizacija, kurios tikslas yra pad\u0117ti sergantiems, ne\u012fgaliems ir nepasiturintiems vaikams.<\/div>\n<\/div>\n<div class=\"dm-support-row\">\n<div class=\"dm-support-logo\"><img decoding=\"async\" src=\"https:\/\/dmleads.premiumspace24.com\/wp-content\/uploads\/2026\/04\/neisnesiotukas.webp\" alt=\"Nei\u0161ne\u0161iotukas\" \/><\/div>\n<div class=\"dm-support-text\">Nei\u0161ne\u0161iotukas &#8211; tai savanori\u0161ka asociacija, vienijanti nei\u0161ne\u0161iotus naujagimius ir j\u0173 t\u0117vus, glob\u0117jus, r\u0117m\u0117jus, gydytojus ir kitas aktualias organizacijas<\/div>\n<\/div>\n<div class=\"dm-support-row\">\n<div class=\"dm-support-logo\"><img decoding=\"async\" src=\"https:\/\/dmleads.premiumspace24.com\/wp-content\/uploads\/2026\/04\/vaikulinija.png\" alt=\"Vaik\u0173 linija\" \/><\/div>\n<div class=\"dm-support-text\">Vaik\u0173 linija &#8211; tai emocin\u0117s paramos tarnyba vaikams ir paaugliams, teikianti nemokam\u0105 ir anonimi\u0161k\u0105 pagalb\u0105 telefonu bei internetu.<\/div>\n<\/div>\n<div class=\"dm-support-row\">\n<div class=\"dm-support-logo\"><img decoding=\"async\" src=\"https:\/\/dmleads.premiumspace24.com\/wp-content\/uploads\/2026\/04\/Group-1.webp\" alt=\"Lietuvos Raudonasis Kry\u017eius\" \/><\/div>\n<div class=\"dm-support-text\">Lietuvos Raudonasis Kry\u017eius \u2013 valstyb\u0117s pagalbinink\u0117 humanitarin\u0117je srityje, kurios veiklos tikslas apsaugoti \u017emoni\u0173 gyvybes ir orum\u0105<\/div>\n<\/div>\n<div class=\"dm-support-row\">\n<div class=\"dm-support-logo\"><img decoding=\"async\" src=\"https:\/\/dmleads.premiumspace24.com\/wp-content\/uploads\/2026\/04\/vilitesspindulelis.jpg\" alt=\"Vilties spindul\u0117lis\" \/><\/div>\n<div class=\"dm-support-text\">Vilties Spindul\u0117lis suteikia emoci\u0161kai saugi\u0105 viet\u0105 vaikams, kurioje jie mokosi reik\u0161ti jausmus, valdyti emocijas ir priimti sprendimus<\/div>\n<\/div>\n<\/div>\n<p>[\/vc_column_text][\/vc_column][\/vc_row]<\/p>\n<\/div>","protected":false},"excerpt":{"rendered":"<p>[vc_row full_width=&#8221;stretch_row_content&#8221;][vc_column][vc_separator css=&#8221;&#8221;][\/vc_column][\/vc_row][vc_row][vc_column][vc_column_text css=&#8221;.vc_custom_1775749542926{padding-right: 30px !important;padding-left: 30px !important;}&#8221;] Esame socialiai atsakinga \u012fmon\u0117, tikinti, kad tikra s\u0117km\u0117 matuojama ne vien projektais,<\/p>\n","protected":false},"author":1,"featured_media":0,"parent":0,"menu_order":0,"comment_status":"closed","ping_status":"closed","template":"","meta":{"footnotes":""},"class_list":["post-31944","page","type-page","status-publish","hentry"],"_links":{"self":[{"href":"https:\/\/dmleads.premiumspace24.com\/index.php\/wp-json\/wp\/v2\/pages\/31944","targetHints":{"allow":["GET"]}}],"collection":[{"href":"https:\/\/dmleads.premiumspace24.com\/index.php\/wp-json\/wp\/v2\/pages"}],"about":[{"href":"https:\/\/dmleads.premiumspace24.com\/index.php\/wp-json\/wp\/v2\/types\/page"}],"author":[{"embeddable":true,"href":"https:\/\/dmleads.premiumspace24.com\/index.php\/wp-json\/wp\/v2\/users\/1"}],"replies":[{"embeddable":true,"href":"https:\/\/dmleads.premiumspace24.com\/index.php\/wp-json\/wp\/v2\/comments?post=31944"}],"version-history":[{"count":16,"href":"https:\/\/dmleads.premiumspace24.com\/index.php\/wp-json\/wp\/v2\/pages\/31944\/revisions"}],"predecessor-version":[{"id":32293,"href":"https:\/\/dmleads.premiumspace24.com\/index.php\/wp-json\/wp\/v2\/pages\/31944\/revisions\/32293"}],"wp:attachment":[{"href":"https:\/\/dmleads.premiumspace24.com\/index.php\/wp-json\/wp\/v2\/media?parent=31944"}],"curies":[{"name":"wp","href":"https:\/\/api.w.org\/{rel}","templated":true}]}}